{"id":9,"date":"2015-09-24T08:46:51","date_gmt":"2015-09-24T06:46:51","guid":{"rendered":"http:\/\/sidko.de\/magazin\/?page_id=9"},"modified":"2020-04-01T20:50:21","modified_gmt":"2020-04-01T18:50:21","slug":"impressum","status":"publish","type":"page","link":"http:\/\/sidko.de\/magazin\/impressum.html","title":{"rendered":"Impressum"},"content":{"rendered":"<p>Impressum<br \/>\nAngaben gem\u00e4\u00df \u00a7 5 TMG:<\/p>\n<p>Achim Szymanski<br \/>\nSidkoDesign<br \/>\nWagm\u00fcllerstrasse 19<br \/>\n80538 M\u00fcnchen<br \/>\nKontakt:<\/p>\n<p>Telefon: +49 (089) 29 91 89<br \/>\nTelefax: +49 (089) 228 38 07<br \/>\nE-Mail:info@sidko.de<\/p>\n<p>Quellenangaben f\u00fcr die verwendeten Bilder und Grafiken:<br \/>\nhttp:\/\/www.pixarbay.com\/<\/p>\n<p>http:\/\/www.stephaniepfrienderstylander.com\/<br \/>\nCover &#8222;Musikexpress&#8220;, Motiv: Sheryl Crow<br \/>\nFotografin: Stefanie Pfriender<\/p>\n<p>http:\/\/www.ilovemarie.fr\/<br \/>\nCover &#8222;Young&#8220;, Illustrationen: Marie Perron<\/p>\n<p>Icons made by Bogdan Rosu and Robin Kylander from www.flaticon.com are licensed by CC BY 3.0 or MediaLoot.com or www.vecteezy.com<\/p>\n<p>Quelle: http:\/\/www.e-recht24.de<br \/>\nHaftungs-Ausschluss<br \/>\nHaftung f\u00fcr Inhalte<\/p>\n<p>Als Diensteanbieter sind wir gem\u00e4\u00df \u00a7 7 Abs.1 TMG f\u00fcr eigene Inhalte auf diesen Seiten nach den allgemeinen Gesetzen verantwortlich. Nach \u00a7\u00a7 8 bis 10 TMG sind wir als Diensteanbieter jedoch nicht verpflichtet, \u00fcbermittelte oder gespeicherte fremde Informationen zu \u00fcberwachen oder nach Umst\u00e4nden zu forschen, die auf eine rechtswidrige T\u00e4tigkeit hinweisen. Verpflichtungen zur Entfernung oder Sperrung der Nutzung von Informationen nach den allgemeinen Gesetzen bleiben hiervon unber\u00fchrt. Eine diesbez\u00fcgliche Haftung ist jedoch erst ab dem Zeitpunkt der Kenntnis einer konkreten Rechtsverletzung m\u00f6glich. Bei Bekanntwerden von entsprechenden Rechtsverletzungen werden wir diese Inhalte umgehend entfernen.<br \/>\nHaftung f\u00fcr Links<\/p>\n<p>Unser Angebot enth\u00e4lt Links zu externen Webseiten Dritter, auf deren Inhalte wir keinen Einfluss haben. Deshalb k\u00f6nnen wir f\u00fcr diese fremden Inhalte auch keine Gew\u00e4hr \u00fcbernehmen. F\u00fcr die Inhalte der verlinkten Seiten ist stets der jeweilige Anbieter oder Betreiber der Seiten verantwortlich. Die verlinkten Seiten wurden zum Zeitpunkt der Verlinkung auf m\u00f6gliche Rechtsverst\u00f6\u00dfe \u00fcberpr\u00fcft. Rechtswidrige Inhalte waren zum Zeitpunkt der Verlinkung nicht erkennbar. Eine permanente inhaltliche Kontrolle der verlinkten Seiten ist jedoch ohne konkrete Anhaltspunkte einer Rechtsverletzung nicht zumutbar. Bei Bekanntwerden von Rechtsverletzungen werden wir derartige Links umgehend entfernen.<br \/>\nUrheberrecht<\/p>\n<p>Die durch die Seitenbetreiber erstellten Inhalte und Werke auf diesen Seiten unterliegen dem deutschen Urheberrecht. Die Vervielf\u00e4ltigung, Bearbeitung, Verbreitung und jede Art der Verwertung au\u00dferhalb der Grenzen des Urheberrechtes bed\u00fcrfen der schriftlichen Zustimmung des jeweiligen Autors bzw. Erstellers. Downloads und Kopien dieser Seite sind nur f\u00fcr den privaten, nicht kommerziellen Gebrauch gestattet. Soweit die Inhalte auf dieser Seite nicht vom Betreiber erstellt wurden, werden die Urheberrechte Dritter beachtet. Insbesondere werden Inhalte Dritter als solche gekennzeichnet. Sollten Sie trotzdem auf eine Urheberrechtsverletzung aufmerksam werden, bitten wir um einen entsprechenden Hinweis. Bei Bekanntwerden von Rechtsverletzungen werden wir derartige Inhalte umgehend entfernen.<\/p>\n","protected":false},"excerpt":{"rendered":"<p>Impressum Angaben gem\u00e4\u00df \u00a7 5 TMG: Achim Szymanski SidkoDesign Wagm\u00fcllerstrasse 19 80538 M\u00fcnchen Kontakt: Telefon: +49 (089) 29 91 89 Telefax: +49 (089) 228 38 07<span class=\"excerpt-hellip\"> [\u2026]<\/span><\/p>\n","protected":false},"author":1,"featured_media":0,"parent":0,"menu_order":0,"comment_status":"closed","ping_status":"closed","template":"","meta":{"_mi_skip_tracking":false},"tags":[],"yoast_head":"<!-- This site is optimized with the Yoast SEO plugin v20.5 - https:\/\/yoast.com\/wordpress\/plugins\/seo\/ -->\n<title>Impressum<\/title>\n<meta name=\"description\" content=\"Impressum Sidko.de\" \/>\n<meta name=\"robots\" content=\"index, follow, max-snippet:-1, max-image-preview:large, max-video-preview:-1\" \/>\n<link rel=\"canonical\" href=\"http:\/\/sidko.de\/magazin\/impressum.html\" \/>\n<meta property=\"og:locale\" content=\"de_DE\" \/>\n<meta property=\"og:type\" content=\"article\" \/>\n<meta property=\"og:title\" content=\"Impressum\" \/>\n<meta property=\"og:description\" content=\"Impressum Sidko.de\" \/>\n<meta property=\"og:url\" content=\"http:\/\/sidko.de\/magazin\/impressum.html\" \/>\n<meta property=\"og:site_name\" content=\"Sidko Editorial Design\" \/>\n<meta property=\"article:publisher\" content=\"https:\/\/www.facebook.com\/sigrid.kowalewski\" \/>\n<meta property=\"article:modified_time\" content=\"2020-04-01T18:50:21+00:00\" \/>\n<meta name=\"twitter:card\" content=\"summary_large_image\" \/>\n<meta name=\"twitter:site\" content=\"@SidkoDesign\" \/>\n<meta name=\"twitter:label1\" content=\"Gesch\u00e4tzte Lesezeit\" \/>\n\t<meta name=\"twitter:data1\" content=\"2\u00a0Minuten\" \/>\n<script type=\"application\/ld+json\" class=\"yoast-schema-graph\">{\"@context\":\"https:\/\/schema.org\",\"@graph\":[{\"@type\":\"WebPage\",\"@id\":\"http:\/\/sidko.de\/magazin\/impressum.html\",\"url\":\"http:\/\/sidko.de\/magazin\/impressum.html\",\"name\":\"Impressum\",\"isPartOf\":{\"@id\":\"http:\/\/sidko.de\/magazin\/#website\"},\"datePublished\":\"2015-09-24T06:46:51+00:00\",\"dateModified\":\"2020-04-01T18:50:21+00:00\",\"description\":\"Impressum Sidko.de\",\"breadcrumb\":{\"@id\":\"http:\/\/sidko.de\/magazin\/impressum.html#breadcrumb\"},\"inLanguage\":\"de\",\"potentialAction\":[{\"@type\":\"ReadAction\",\"target\":[\"http:\/\/sidko.de\/magazin\/impressum.html\"]}]},{\"@type\":\"BreadcrumbList\",\"@id\":\"http:\/\/sidko.de\/magazin\/impressum.html#breadcrumb\",\"itemListElement\":[{\"@type\":\"ListItem\",\"position\":1,\"name\":\"Testzeile\",\"item\":\"http:\/\/sidko.de\/magazin\"},{\"@type\":\"ListItem\",\"position\":2,\"name\":\"Impressum\"}]},{\"@type\":\"WebSite\",\"@id\":\"http:\/\/sidko.de\/magazin\/#website\",\"url\":\"http:\/\/sidko.de\/magazin\/\",\"name\":\"Sidko Editorial Design\",\"description\":\"I love Magazines\",\"publisher\":{\"@id\":\"http:\/\/sidko.de\/magazin\/#organization\"},\"potentialAction\":[{\"@type\":\"SearchAction\",\"target\":{\"@type\":\"EntryPoint\",\"urlTemplate\":\"http:\/\/sidko.de\/magazin\/?s={search_term_string}\"},\"query-input\":\"required name=search_term_string\"}],\"inLanguage\":\"de\"},{\"@type\":\"Organization\",\"@id\":\"http:\/\/sidko.de\/magazin\/#organization\",\"name\":\"Sidko Editorial Design\",\"url\":\"http:\/\/sidko.de\/magazin\/\",\"logo\":{\"@type\":\"ImageObject\",\"inLanguage\":\"de\",\"@id\":\"http:\/\/sidko.de\/magazin\/#\/schema\/logo\/image\/\",\"url\":\"http:\/\/sidko.de\/magazin\/wp-content\/uploads\/2023\/04\/sidko-logo-358-68.png\",\"contentUrl\":\"http:\/\/sidko.de\/magazin\/wp-content\/uploads\/2023\/04\/sidko-logo-358-68.png\",\"width\":358,\"height\":68,\"caption\":\"Sidko Editorial Design\"},\"image\":{\"@id\":\"http:\/\/sidko.de\/magazin\/#\/schema\/logo\/image\/\"},\"sameAs\":[\"https:\/\/www.facebook.com\/sigrid.kowalewski\",\"https:\/\/twitter.com\/SidkoDesign\",\"https:\/\/instagram.com\/sidko.design\/\",\"https:\/\/de.linkedin.com\/pub\/sigrid-kowalewski\/99\/a91\/211\"]}]}<\/script>\n<!-- \/ Yoast SEO plugin. -->","yoast_head_json":{"title":"Impressum","description":"Impressum Sidko.de","robots":{"index":"index","follow":"follow","max-snippet":"max-snippet:-1","max-image-preview":"max-image-preview:large","max-video-preview":"max-video-preview:-1"},"canonical":"http:\/\/sidko.de\/magazin\/impressum.html","og_locale":"de_DE","og_type":"article","og_title":"Impressum","og_description":"Impressum Sidko.de","og_url":"http:\/\/sidko.de\/magazin\/impressum.html","og_site_name":"Sidko Editorial Design","article_publisher":"https:\/\/www.facebook.com\/sigrid.kowalewski","article_modified_time":"2020-04-01T18:50:21+00:00","twitter_card":"summary_large_image","twitter_site":"@SidkoDesign","twitter_misc":{"Gesch\u00e4tzte Lesezeit":"2\u00a0Minuten"},"schema":{"@context":"https:\/\/schema.org","@graph":[{"@type":"WebPage","@id":"http:\/\/sidko.de\/magazin\/impressum.html","url":"http:\/\/sidko.de\/magazin\/impressum.html","name":"Impressum","isPartOf":{"@id":"http:\/\/sidko.de\/magazin\/#website"},"datePublished":"2015-09-24T06:46:51+00:00","dateModified":"2020-04-01T18:50:21+00:00","description":"Impressum Sidko.de","breadcrumb":{"@id":"http:\/\/sidko.de\/magazin\/impressum.html#breadcrumb"},"inLanguage":"de","potentialAction":[{"@type":"ReadAction","target":["http:\/\/sidko.de\/magazin\/impressum.html"]}]},{"@type":"BreadcrumbList","@id":"http:\/\/sidko.de\/magazin\/impressum.html#breadcrumb","itemListElement":[{"@type":"ListItem","position":1,"name":"Testzeile","item":"http:\/\/sidko.de\/magazin"},{"@type":"ListItem","position":2,"name":"Impressum"}]},{"@type":"WebSite","@id":"http:\/\/sidko.de\/magazin\/#website","url":"http:\/\/sidko.de\/magazin\/","name":"Sidko Editorial Design","description":"I love Magazines","publisher":{"@id":"http:\/\/sidko.de\/magazin\/#organization"},"potentialAction":[{"@type":"SearchAction","target":{"@type":"EntryPoint","urlTemplate":"http:\/\/sidko.de\/magazin\/?s={search_term_string}"},"query-input":"required name=search_term_string"}],"inLanguage":"de"},{"@type":"Organization","@id":"http:\/\/sidko.de\/magazin\/#organization","name":"Sidko Editorial Design","url":"http:\/\/sidko.de\/magazin\/","logo":{"@type":"ImageObject","inLanguage":"de","@id":"http:\/\/sidko.de\/magazin\/#\/schema\/logo\/image\/","url":"http:\/\/sidko.de\/magazin\/wp-content\/uploads\/2023\/04\/sidko-logo-358-68.png","contentUrl":"http:\/\/sidko.de\/magazin\/wp-content\/uploads\/2023\/04\/sidko-logo-358-68.png","width":358,"height":68,"caption":"Sidko Editorial Design"},"image":{"@id":"http:\/\/sidko.de\/magazin\/#\/schema\/logo\/image\/"},"sameAs":["https:\/\/www.facebook.com\/sigrid.kowalewski","https:\/\/twitter.com\/SidkoDesign","https:\/\/instagram.com\/sidko.design\/","https:\/\/de.linkedin.com\/pub\/sigrid-kowalewski\/99\/a91\/211"]}]}},"_links":{"self":[{"href":"http:\/\/sidko.de\/magazin\/wp-json\/wp\/v2\/pages\/9"}],"collection":[{"href":"http:\/\/sidko.de\/magazin\/wp-json\/wp\/v2\/pages"}],"about":[{"href":"http:\/\/sidko.de\/magazin\/wp-json\/wp\/v2\/types\/page"}],"author":[{"embeddable":true,"href":"http:\/\/sidko.de\/magazin\/wp-json\/wp\/v2\/users\/1"}],"replies":[{"embeddable":true,"href":"http:\/\/sidko.de\/magazin\/wp-json\/wp\/v2\/comments?post=9"}],"version-history":[{"count":7,"href":"http:\/\/sidko.de\/magazin\/wp-json\/wp\/v2\/pages\/9\/revisions"}],"predecessor-version":[{"id":864,"href":"http:\/\/sidko.de\/magazin\/wp-json\/wp\/v2\/pages\/9\/revisions\/864"}],"wp:attachment":[{"href":"http:\/\/sidko.de\/magazin\/wp-json\/wp\/v2\/media?parent=9"}],"wp:term":[{"taxonomy":"post_tag","embeddable":true,"href":"http:\/\/sidko.de\/magazin\/wp-json\/wp\/v2\/tags?post=9"}],"curies":[{"name":"wp","href":"https:\/\/api.w.org\/{rel}","templated":true}]}}